{"id":6076,"date":"2020-05-07T20:52:19","date_gmt":"2020-05-07T20:52:19","guid":{"rendered":"https:\/\/larox.fashion\/unsere-story\/"},"modified":"2023-05-04T20:58:49","modified_gmt":"2023-05-04T20:58:49","slug":"unsere-story","status":"publish","type":"page","link":"https:\/\/larox.fashion\/de\/unsere-story\/","title":{"rendered":"Unsere Story"},"content":{"rendered":"<p>[et_pb_section fb_built=&#8220;1&#8243; _builder_version=&#8220;4.16&#8243; background_enable_image=&#8220;off&#8220; background_size=&#8220;initial&#8220; custom_padding=&#8220;0px||0px||false|false&#8220; locked=&#8220;off&#8220; global_colors_info=&#8220;{}&#8220;][et_pb_row _builder_version=&#8220;4.20.4&#8243; custom_margin=&#8220;20px||20px||false|false&#8220; custom_padding=&#8220;0px||0px||false|false&#8220; locked=&#8220;off&#8220; global_colors_info=&#8220;{}&#8220;][et_pb_column type=&#8220;4_4&#8243; _builder_version=&#8220;4.16&#8243; global_colors_info=&#8220;{}&#8220;][et_pb_post_title meta=&#8220;off&#8220; featured_image=&#8220;off&#8220; _builder_version=&#8220;4.16&#8243; global_colors_info=&#8220;{}&#8220;][\/et_pb_post_title][\/et_pb_column][\/et_pb_row][et_pb_row column_structure=&#8220;2_5,3_5&#8243; make_equal=&#8220;on&#8220; _builder_version=&#8220;4.20.4&#8243; custom_css_main_element=&#8220;align-items:center&#8220; box_shadow_style=&#8220;preset4&#8243; box_shadow_horizontal=&#8220;1px&#8220; box_shadow_vertical=&#8220;-1px&#8220; box_shadow_color=&#8220;#f5f5f5&#8243; global_colors_info=&#8220;{}&#8220;][et_pb_column type=&#8220;2_5&#8243; _builder_version=&#8220;4.16&#8243; global_colors_info=&#8220;{}&#8220;][et_pb_image src=&#8220;https:\/\/larox.fashion\/wp-content\/uploads\/2020\/06\/larox-fashion-our-story-02.jpg&#8220; title_text=&#8220;larox-fashion-our-story-02&#8243; show_in_lightbox=&#8220;on&#8220; align=&#8220;center&#8220; _builder_version=&#8220;4.21.0&#8243; overflow-x=&#8220;hidden&#8220; overflow-y=&#8220;hidden&#8220; custom_margin=&#8220;-4px|-4px|-4px|-4px|true|true&#8220; custom_padding=&#8220;||||false|false&#8220; hover_enabled=&#8220;0&#8243; global_colors_info=&#8220;{}&#8220; sticky_enabled=&#8220;0&#8243;][\/et_pb_image][\/et_pb_column][et_pb_column type=&#8220;3_5&#8243; _builder_version=&#8220;4.16&#8243; global_colors_info=&#8220;{}&#8220;][et_pb_text _builder_version=&#8220;4.20.4&#8243; custom_padding=&#8220;|3%||3%|false|true&#8220; global_colors_info=&#8220;{}&#8220;]<\/p>\n<p>\u201eAlles begann auf der Insel Kreta, Griechenland im Jahr 2014. Wir entschieden uns \u00fcber die Insel zu reisen, mit einem Tableau voller Schmuck im Gep\u00e4ck. Wir wollten die Natur genie\u00dfen und mit dem Schmuckverkauf an Str\u00e4nden und in K\u00fcstend\u00f6rfern alle n\u00f6tigen Kosten unserer Reise decken. Schnell tr\u00e4umten wir davon uns in Zukunft etwas Eigenes aufzubauen und dieses Gef\u00fchl der Freiheit und Naturverbundenheit Menschen, die einen urbanen Lebensstil leben, n\u00e4her zu bringen. Dieses Freiheitsgef\u00fchl beim Reisen, das Treffen vieler verschiedener Menschen und Lebenskonzepte, zu sehen, wie diese Menschen ihre Kreativit\u00e4t auslebten, brachte uns zu der Entscheidung diese K\u00fcnstler zu unterst\u00fctzen. F\u00fcr die n\u00e4chsten Jahre reisten wir durch Deutschland, mit unserem Zuhause in K\u00f6ln, und verkauften auf diversen Events und M\u00e4rkten. Bald erkannten wir, dass unser Konzept einen festen Standort brauchte, zumal unsere Gemeinschaft mit neuen K\u00fcnstlern und Designern stetig wuchs. Mit etwas Gl\u00fcck auf unserem Weg haben wir diesen Ort im Oktober 2019 in K\u00f6ln gefunden. Kommt und besucht uns in unserer bunten Welt! Wir hoffen einen Ort kreiert zu haben, in dem Urlaubsgef\u00fchle und die Freude am Leben geweckt werden!\u201c<\/p>\n<p>[\/et_pb_text][\/et_pb_column][\/et_pb_row][et_pb_row column_structure=&#8220;3_4,1_4&#8243; make_equal=&#8220;on&#8220; _builder_version=&#8220;4.20.4&#8243; custom_margin=&#8220;||30px||false|false&#8220; custom_padding=&#8220;||||false|false&#8220; custom_css_main_element=&#8220;align-items: center;&#8220; box_shadow_style=&#8220;preset4&#8243; box_shadow_horizontal=&#8220;-1px&#8220; box_shadow_vertical=&#8220;1px&#8220; box_shadow_color=&#8220;#f5f5f5&#8243; global_colors_info=&#8220;{}&#8220;][et_pb_column type=&#8220;3_4&#8243; _builder_version=&#8220;4.16&#8243; global_colors_info=&#8220;{}&#8220;][et_pb_text _builder_version=&#8220;4.20.4&#8243; background_color=&#8220;#ffffff&#8220; text_orientation=&#8220;right&#8220; custom_padding=&#8220;|3%||3%|false|true&#8220; global_colors_info=&#8220;{}&#8220;]<span style=\"font-size: 16px;\">Hinter LaRox verbergen sich die beiden Gr\u00fcnder Vasilis Panagopoulos und Roxana Niesemann, die mit viel Liebe mediterranen Schmuck, Mode, Accessoires und Wohndekoration ausw\u00e4hlen. Jedes St\u00fcck ist handgefertigt, nachhaltig und fair produziert, in kleinen mediterranen Familienbetrieben und von jungen K\u00fcnstlern und Designern. Um die Nachhaltigkeit ausnahmslos zu unterst\u00fctzen steht der pers\u00f6nliche Kontakt zu allen Herstellern und Designern an erster Stelle. Traditionelle Techniken treffen hier auf trendiges und au\u00dfergew\u00f6hnliches Design &#8211; die Formen reichen von klassisch geometrischen bis hin zu organisch nat\u00fcrlichen Strukturen. Bei LaRox findet man sorgf\u00e4ltig ausgew\u00e4hlte Designs mit einem Hauch mediterraner Seele &#8211; bohemian chic meets ethnic spirit! <\/span>[\/et_pb_text][\/et_pb_column][et_pb_column type=&#8220;1_4&#8243; _builder_version=&#8220;4.16&#8243; global_colors_info=&#8220;{}&#8220;][\/et_pb_column][\/et_pb_row][\/et_pb_section]<\/p>\n","protected":false},"excerpt":{"rendered":"<p>\u201eAlles begann auf der Insel Kreta, Griechenland im Jahr 2014. Wir entschieden uns \u00fcber die Insel zu reisen, mit einem Tableau voller Schmuck im Gep\u00e4ck. Wir wollten die Natur genie\u00dfen und mit dem Schmuckverkauf an Str\u00e4nden und in K\u00fcstend\u00f6rfern alle n\u00f6tigen Kosten unserer Reise decken. Schnell tr\u00e4umten wir davon uns in Zukunft etwas Eigenes aufzubauen [&hellip;]<\/p>\n","protected":false},"author":1,"featured_media":0,"parent":0,"menu_order":0,"comment_status":"closed","ping_status":"closed","template":"","meta":{"_et_pb_use_builder":"on","_et_pb_old_content":"","_et_gb_content_width":"","footnotes":""},"class_list":["post-6076","page","type-page","status-publish","hentry"],"_links":{"self":[{"href":"https:\/\/larox.fashion\/de\/wp-json\/wp\/v2\/pages\/6076","targetHints":{"allow":["GET"]}}],"collection":[{"href":"https:\/\/larox.fashion\/de\/wp-json\/wp\/v2\/pages"}],"about":[{"href":"https:\/\/larox.fashion\/de\/wp-json\/wp\/v2\/types\/page"}],"author":[{"embeddable":true,"href":"https:\/\/larox.fashion\/de\/wp-json\/wp\/v2\/users\/1"}],"replies":[{"embeddable":true,"href":"https:\/\/larox.fashion\/de\/wp-json\/wp\/v2\/comments?post=6076"}],"version-history":[{"count":0,"href":"https:\/\/larox.fashion\/de\/wp-json\/wp\/v2\/pages\/6076\/revisions"}],"wp:attachment":[{"href":"https:\/\/larox.fashion\/de\/wp-json\/wp\/v2\/media?parent=6076"}],"curies":[{"name":"wp","href":"https:\/\/api.w.org\/{rel}","templated":true}]}}