{"id":6085,"date":"2020-05-07T20:42:25","date_gmt":"2020-05-07T18:42:25","guid":{"rendered":"https:\/\/larox.fashion\/der-laden\/"},"modified":"2023-07-24T21:24:58","modified_gmt":"2023-07-24T19:24:58","slug":"der-laden","status":"publish","type":"page","link":"https:\/\/larox.fashion\/de\/der-laden\/","title":{"rendered":"Der Laden"},"content":{"rendered":"<p>[et_pb_section fb_built=&#8220;1&#8243; _builder_version=&#8220;4.20.4&#8243; background_enable_image=&#8220;off&#8220; background_size=&#8220;initial&#8220; custom_margin_tablet=&#8220;||0px||false|false&#8220; custom_margin_phone=&#8220;0px||||false|false&#8220; custom_margin_last_edited=&#8220;on|desktop&#8220; custom_padding=&#8220;0px||0px||false|false&#8220; locked=&#8220;off&#8220; global_colors_info=&#8220;{}&#8220;][et_pb_row _builder_version=&#8220;4.20.4&#8243; custom_margin=&#8220;20px||20px||false|false&#8220; custom_padding=&#8220;0px||0px||false|false&#8220; global_colors_info=&#8220;{}&#8220;][et_pb_column type=&#8220;4_4&#8243; _builder_version=&#8220;4.16&#8243; global_colors_info=&#8220;{}&#8220;][et_pb_post_title meta=&#8220;off&#8220; featured_image=&#8220;off&#8220; _builder_version=&#8220;4.16&#8243; global_colors_info=&#8220;{}&#8220;][\/et_pb_post_title][\/et_pb_column][\/et_pb_row][et_pb_row column_structure=&#8220;3_5,2_5&#8243; make_equal=&#8220;on&#8220; _builder_version=&#8220;4.20.4&#8243; custom_margin=&#8220;0px||||false|false&#8220; custom_margin_tablet=&#8220;0px||||false|false&#8220; custom_margin_phone=&#8220;0px||||false|false&#8220; custom_margin_last_edited=&#8220;on|tablet&#8220; custom_padding=&#8220;20px||||false|false&#8220; custom_css_main_element=&#8220;align-items: center;&#8220; box_shadow_style=&#8220;preset4&#8243; box_shadow_horizontal=&#8220;-1px&#8220; box_shadow_vertical=&#8220;-1px&#8220; box_shadow_color=&#8220;#f5f5f5&#8243; global_colors_info=&#8220;{}&#8220;][et_pb_column type=&#8220;3_5&#8243; _builder_version=&#8220;4.16&#8243; global_colors_info=&#8220;{}&#8220;][et_pb_text _builder_version=&#8220;4.20.4&#8243; text_font_size=&#8220;18px&#8220; background_color=&#8220;rgba(255,255,255,0.88)&#8220; text_orientation=&#8220;right&#8220; custom_padding=&#8220;|3%||3%|true|true&#8220; global_colors_info=&#8220;{}&#8220;]LaRox ist ein Conceptstore, in dem das K\u00f6nnen und die Kreativit\u00e4t der K\u00fcnstler in jedem Design zu sehen sind &#8211; alles ist handgefertigt, fair trade, ethisch und nachhaltig produziert. Gef\u00fcllt mit Elementen der Natur in einer urbanen Umgebung, ist er ein Ort um neue Ideen und Konzepte zu entdecken und das vielseitige Kunsthandwerk wertzusch\u00e4tzen. Wir versuchen einen Ort zu bieten in dem unsere Kunden die M\u00f6glichkeit haben ihre individuelle Sch\u00f6nheit und Pers\u00f6nlichkeit zum Ausdruck zu bringen.[\/et_pb_text][\/et_pb_column][et_pb_column type=&#8220;2_5&#8243; _builder_version=&#8220;4.16&#8243; background_enable_image=&#8220;off&#8220; global_colors_info=&#8220;{}&#8220;][et_pb_image src=&#8220;https:\/\/larox.fashion\/wp-content\/uploads\/2023\/04\/larox.fashion-the-local-store-1.jpg&#8220; title_text=&#8220;larox.fashion-the-local-store-1&#8243; show_in_lightbox=&#8220;on&#8220; align=&#8220;center&#8220; _builder_version=&#8220;4.21.0&#8243; _module_preset=&#8220;default&#8220; overflow-x=&#8220;hidden&#8220; overflow-y=&#8220;hidden&#8220; custom_margin=&#8220;-4px|-4px|-4px|-4px|true|true&#8220; custom_padding=&#8220;||||false|false&#8220; global_colors_info=&#8220;{}&#8220;][\/et_pb_image][\/et_pb_column][\/et_pb_row][et_pb_row column_structure=&#8220;2_5,3_5&#8243; make_equal=&#8220;on&#8220; module_class=&#8220;custom_row&#8220; _builder_version=&#8220;4.20.4&#8243; custom_css_main_element=&#8220;align-items:center&#8220; box_shadow_style=&#8220;preset4&#8243; box_shadow_horizontal=&#8220;1px&#8220; box_shadow_vertical=&#8220;1px&#8220; box_shadow_color=&#8220;#f5f5f5&#8243; locked=&#8220;off&#8220; global_colors_info=&#8220;{}&#8220;][et_pb_column type=&#8220;2_5&#8243; module_class=&#8220;second-on-mobile&#8220; _builder_version=&#8220;4.20.4&#8243; global_colors_info=&#8220;{}&#8220;][et_pb_image src=&#8220;https:\/\/larox.fashion\/wp-content\/uploads\/2023\/04\/larox.fashion-the-local-store-2.jpg&#8220; title_text=&#8220;larox.fashion-the-local-store-2&#8243; show_in_lightbox=&#8220;on&#8220; align=&#8220;center&#8220; _builder_version=&#8220;4.21.0&#8243; _module_preset=&#8220;default&#8220; overflow-x=&#8220;hidden&#8220; overflow-y=&#8220;hidden&#8220; custom_margin=&#8220;-4px|-4px|-4px|-4px|true|true&#8220; custom_padding=&#8220;||||false|false&#8220; locked=&#8220;off&#8220; global_colors_info=&#8220;{}&#8220;][\/et_pb_image][\/et_pb_column][et_pb_column type=&#8220;3_5&#8243; module_class=&#8220;first-on-mobile&#8220; _builder_version=&#8220;4.20.4&#8243; background_enable_image=&#8220;off&#8220; global_colors_info=&#8220;{}&#8220;][et_pb_text _builder_version=&#8220;4.20.4&#8243; text_font_size=&#8220;18px&#8220; background_color=&#8220;rgba(255,255,255,0.88)&#8220; custom_padding=&#8220;|3%||3%|true|true&#8220; locked=&#8220;off&#8220; global_colors_info=&#8220;{}&#8220;]Der pers\u00f6nliche Kontakt zu jedem unserer Produzenten, Designer und K\u00fcnstler ist uns besonders wichtig &#8211; wir reisen mindestens ein Mal im Jahr um uns mit ihnen auszutauschen und zuk\u00fcnftige Ideen und Projekte zu besprechen. Unser Ziel ist es sich gegenseitig zu unterst\u00fctzen &#8211; ein Netzwerk aufzubauen von Menschen, die Kunst und Handwerk ehren und sch\u00e4tzen. Individualit\u00e4t \u00fcber Massenkonsum, kombiniert mit einer bewussten und lebendigen Gemeinschaft. Das ist unsere Vision.[\/et_pb_text][\/et_pb_column][\/et_pb_row][et_pb_row column_structure=&#8220;2_3,1_3&#8243; make_equal=&#8220;on&#8220; admin_label=&#8220;Row&#8220; _builder_version=&#8220;4.20.4&#8243; _module_preset=&#8220;default&#8220; width=&#8220;60%&#8220; max_width=&#8220;820px&#8220; module_alignment=&#8220;center&#8220; custom_margin=&#8220;30px||0px||false|false&#8220; custom_padding=&#8220;0px||20px||false|false&#8220; custom_css_main_element=&#8220;align-items:center&#8220; global_colors_info=&#8220;{}&#8220;][et_pb_column type=&#8220;2_3&#8243; _builder_version=&#8220;4.16&#8243; _module_preset=&#8220;default&#8220; global_colors_info=&#8220;{}&#8220;][et_pb_text module_class=&#8220;jurlinks&#8220; _builder_version=&#8220;4.21.0&#8243; _module_preset=&#8220;default&#8220; custom_margin=&#8220;||||false|false&#8220; custom_padding=&#8220;2%|2%|2%|2%|true|false&#8220; hover_enabled=&#8220;0&#8243; border_color_all=&#8220;#f5f5f5&#8243; border_width_top=&#8220;1px&#8220; border_width_bottom=&#8220;1px&#8220; border_width_left=&#8220;1px&#8220; global_colors_info=&#8220;{}&#8220; sticky_enabled=&#8220;0&#8243;]<\/p>\n<p style=\"text-align: right;\"><strong> Come visit us in our colourful world! <\/strong><\/p>\n<p style=\"text-align: right;\">\u00d6ffnungszeiten<br \/>Mo-Sa 12:00 &#8211; 19:30 Uhr<\/p>\n<p style=\"text-align: right;\"><strong>LaRox Fashion<\/strong><br \/><strong> Roonstr. 55<\/strong><br \/><strong> 50674 K\u00f6ln<\/strong><\/p>\n<p style=\"text-align: right;\">Ihr findet unseren Laden zwischen dem beliebten Belgischen Viertel und dem Kwartier Lat\u00e4ng. Die n\u00e4chsten Bahnh\u00f6fe \/ Bahnhaltestationen sind Rudolfplatz, Z\u00fclpicherplatz und Bahnhof S\u00fcd.<\/p>\n<p style=\"text-align: right;\"><strong>Kontaktiere uns \u00fcber unser\u2009<a href=\"https:\/\/larox.fashion\/de\/jetzt-larox-fashion-kontaktieren\/\">\u202fKontaktformular\u202f<\/a>\u2009oder schreib uns eine E-Mail an\u2009<a href=\"mailto:laroxfashion@icloud.com\">\u202flaroxfashion@icloud.com\u202f<\/a>.<\/strong><\/p>\n<p>[\/et_pb_text][\/et_pb_column][et_pb_column type=&#8220;1_3&#8243; _builder_version=&#8220;4.16&#8243; _module_preset=&#8220;default&#8220; global_colors_info=&#8220;{}&#8220;][et_pb_image src=&#8220;https:\/\/larox.fashion\/wp-content\/uploads\/2021\/05\/larox-fashion-the-local-store-p3.jpg&#8220; title_text=&#8220;larox-fashion-the-local-store-p3&#8243; align=&#8220;center&#8220; _builder_version=&#8220;4.21.0&#8243; _module_preset=&#8220;default&#8220; overflow-x=&#8220;hidden&#8220; overflow-y=&#8220;hidden&#8220; custom_margin=&#8220;-4px|-4px|-4px|-4px|true|true&#8220; custom_padding=&#8220;||||false|false&#8220; global_colors_info=&#8220;{}&#8220;][\/et_pb_image][\/et_pb_column][\/et_pb_row][\/et_pb_section]<\/p>\n","protected":false},"excerpt":{"rendered":"<p>LaRox ist ein Conceptstore, in dem das K\u00f6nnen und die Kreativit\u00e4t der K\u00fcnstler in jedem Design zu sehen sind &#8211; alles ist handgefertigt, fair trade, ethisch und nachhaltig produziert. Gef\u00fcllt mit Elementen der Natur in einer urbanen Umgebung, ist er ein Ort um neue Ideen und Konzepte zu entdecken und das vielseitige Kunsthandwerk wertzusch\u00e4tzen. Wir [&hellip;]<\/p>\n","protected":false},"author":1,"featured_media":0,"parent":0,"menu_order":0,"comment_status":"closed","ping_status":"closed","template":"","meta":{"_et_pb_use_builder":"on","_et_pb_old_content":"","_et_gb_content_width":"","footnotes":""},"class_list":["post-6085","page","type-page","status-publish","hentry"],"_links":{"self":[{"href":"https:\/\/larox.fashion\/de\/wp-json\/wp\/v2\/pages\/6085","targetHints":{"allow":["GET"]}}],"collection":[{"href":"https:\/\/larox.fashion\/de\/wp-json\/wp\/v2\/pages"}],"about":[{"href":"https:\/\/larox.fashion\/de\/wp-json\/wp\/v2\/types\/page"}],"author":[{"embeddable":true,"href":"https:\/\/larox.fashion\/de\/wp-json\/wp\/v2\/users\/1"}],"replies":[{"embeddable":true,"href":"https:\/\/larox.fashion\/de\/wp-json\/wp\/v2\/comments?post=6085"}],"version-history":[{"count":0,"href":"https:\/\/larox.fashion\/de\/wp-json\/wp\/v2\/pages\/6085\/revisions"}],"wp:attachment":[{"href":"https:\/\/larox.fashion\/de\/wp-json\/wp\/v2\/media?parent=6085"}],"curies":[{"name":"wp","href":"https:\/\/api.w.org\/{rel}","templated":true}]}}